{"id":2301,"date":"2024-03-22T09:53:36","date_gmt":"2024-03-22T08:53:36","guid":{"rendered":"https:\/\/detect.sk\/?page_id=2301"},"modified":"2024-03-26T10:25:55","modified_gmt":"2024-03-26T09:25:55","slug":"pripadova-studia-energetika","status":"publish","type":"page","link":"https:\/\/detect.sk\/en\/pripadova-studia-energetika\/","title":{"rendered":"Pr\u00edpadov\u00e1 \u0161t\u00fadia energetika"},"content":{"rendered":"","protected":false},"excerpt":{"rendered":"","protected":false},"author":9,"featured_media":0,"parent":0,"menu_order":0,"comment_status":"closed","ping_status":"closed","template":"","meta":{"_acf_changed":false,"footnotes":""},"categories":[],"tags":[],"class_list":["post-2301","page","type-page","status-publish","hentry"],"acf":[],"_links":{"self":[{"href":"https:\/\/detect.sk\/en\/wp-json\/wp\/v2\/pages\/2301","targetHints":{"allow":["GET"]}}],"collection":[{"href":"https:\/\/detect.sk\/en\/wp-json\/wp\/v2\/pages"}],"about":[{"href":"https:\/\/detect.sk\/en\/wp-json\/wp\/v2\/types\/page"}],"author":[{"embeddable":true,"href":"https:\/\/detect.sk\/en\/wp-json\/wp\/v2\/users\/9"}],"replies":[{"embeddable":true,"href":"https:\/\/detect.sk\/en\/wp-json\/wp\/v2\/comments?post=2301"}],"version-history":[{"count":1,"href":"https:\/\/detect.sk\/en\/wp-json\/wp\/v2\/pages\/2301\/revisions"}],"predecessor-version":[{"id":2302,"href":"https:\/\/detect.sk\/en\/wp-json\/wp\/v2\/pages\/2301\/revisions\/2302"}],"wp:attachment":[{"href":"https:\/\/detect.sk\/en\/wp-json\/wp\/v2\/media?parent=2301"}],"wp:term":[{"taxonomy":"category","embeddable":true,"href":"https:\/\/detect.sk\/en\/wp-json\/wp\/v2\/categories?post=2301"},{"taxonomy":"post_tag","embeddable":true,"href":"https:\/\/detect.sk\/en\/wp-json\/wp\/v2\/tags?post=2301"}],"curies":[{"name":"wp","href":"https:\/\/api.w.org\/{rel}","templated":true}]}}